{"id":1661,"date":"2025-05-21T11:24:24","date_gmt":"2025-05-21T14:24:24","guid":{"rendered":"http:\/\/localhost\/planangelelli\/?page_id=1661"},"modified":"2025-05-21T11:24:24","modified_gmt":"2025-05-21T14:24:24","slug":"institucional","status":"publish","type":"page","link":"https:\/\/planangelelli.larioja.gob.ar\/?page_id=1661","title":{"rendered":"Institucional"},"content":{"rendered":"\t\t<div data-elementor-type=\"wp-page\" data-elementor-id=\"1661\" class=\"elementor elementor-1661\" data-elementor-post-type=\"page\">\n\t\t\t\t<div class=\"elementor-element elementor-element-86a9bd4 e-flex e-con-boxed e-con e-parent\" data-id=\"86a9bd4\" data-element_type=\"container\">\n\t\t\t\t\t<div class=\"e-con-inner\">\n\t\t\t\t<div class=\"elementor-element elementor-element-b89fddc elementor-widget elementor-widget-image\" data-id=\"b89fddc\" data-element_type=\"widget\" data-widget_type=\"image.default\">\n\t\t\t\t\t\t\t\t\t\t\t\t\t\t\t<img fetchpriority=\"high\" decoding=\"async\" width=\"1024\" height=\"188\" src=\"https:\/\/planangelelli.larioja.gob.ar\/wp-content\/uploads\/2025\/06\/TITULO_INSTITUCIONAL.png\" class=\"attachment-large size-large wp-image-2090\" alt=\"\" \/>\t\t\t\t\t\t\t\t\t\t\t\t\t\t\t<\/div>\n\t\t\t\t\t<\/div>\n\t\t\t\t<\/div>\n\t\t<div class=\"elementor-element elementor-element-32173d5 e-flex e-con-boxed e-con e-parent\" data-id=\"32173d5\" data-element_type=\"container\">\n\t\t\t\t\t<div class=\"e-con-inner\">\n\t\t\t\t<div class=\"elementor-element elementor-element-393bbcd elementor-widget elementor-widget-spacer\" data-id=\"393bbcd\" data-element_type=\"widget\" data-widget_type=\"spacer.default\">\n\t\t\t\t\t\t\t<div class=\"elementor-spacer\">\n\t\t\t<div class=\"elementor-spacer-inner\"><\/div>\n\t\t<\/div>\n\t\t\t\t\t\t<\/div>\n\t\t\t\t\t<\/div>\n\t\t\t\t<\/div>\n\t\t<div class=\"elementor-element elementor-element-06ccc57 e-flex e-con-boxed e-con e-parent\" data-id=\"06ccc57\" data-element_type=\"container\">\n\t\t\t\t\t<div class=\"e-con-inner\">\n\t\t\t\t<div class=\"elementor-element elementor-element-53c1066 elementor-widget elementor-widget-image\" data-id=\"53c1066\" data-element_type=\"widget\" data-widget_type=\"image.default\">\n\t\t\t\t\t\t\t\t\t\t\t\t\t\t\t<img decoding=\"async\" width=\"7574\" height=\"349\" src=\"https:\/\/planangelelli.larioja.gob.ar\/wp-content\/uploads\/2025\/06\/SUBTITULO_MISION.png\" class=\"attachment-full size-full wp-image-2088\" alt=\"\" \/>\t\t\t\t\t\t\t\t\t\t\t\t\t\t\t<\/div>\n\t\t\t\t\t<\/div>\n\t\t\t\t<\/div>\n\t\t<div class=\"elementor-element elementor-element-77b5dd5 e-flex e-con-boxed e-con e-parent\" data-id=\"77b5dd5\" data-element_type=\"container\">\n\t\t\t\t\t<div class=\"e-con-inner\">\n\t\t\t\t<div class=\"elementor-element elementor-element-8778dae elementor-widget elementor-widget-text-editor\" data-id=\"8778dae\" data-element_type=\"widget\" data-widget_type=\"text-editor.default\">\n\t\t\t\t\t\t\t\t\t<p><span style=\"color: #808080;\"><span style=\"font-size: 14pt; font-family: Arial, sans-serif; background-color: transparent; font-variant-numeric: normal; font-variant-east-asian: normal; font-variant-alternates: normal; font-variant-position: normal; font-variant-emoji: normal; vertical-align: baseline; white-space-collapse: preserve;\">Es un programa \u00fanico en su tipo que construye mucho m\u00e1s que barrios y casas de manera integral, sino que construye hogares y le da un significado al sue\u00f1o de cada familia; con infraestructura urbana, servicios b\u00e1sicos y proyecci\u00f3n social y laboral para los vecinos y vecinas.<br \/><\/span><\/span><span style=\"color: #808080;\"><span style=\"background-color: transparent; font-family: Arial, sans-serif; font-size: 14pt; white-space-collapse: preserve; text-align: justify;\">Ejemplo a nivel nacional porque entiende al h\u00e1bitat, a las ciudades y a las din\u00e1micas econ\u00f3micas y sociales de un modo sist\u00e9mico y articulado, reconociendo derechos humanos b\u00e1sicos pero tambi\u00e9n incentivando la producci\u00f3n local, el empleo genuino y el desarrollo regional.<\/span><\/span><\/p>\t\t\t\t\t\t\t\t<\/div>\n\t\t\t\t\t<\/div>\n\t\t\t\t<\/div>\n\t\t<div class=\"elementor-element elementor-element-a25d023 e-flex e-con-boxed e-con e-parent\" data-id=\"a25d023\" data-element_type=\"container\">\n\t\t\t\t\t<div class=\"e-con-inner\">\n\t\t\t\t<div class=\"elementor-element elementor-element-6108e22 elementor-widget elementor-widget-image\" data-id=\"6108e22\" data-element_type=\"widget\" data-widget_type=\"image.default\">\n\t\t\t\t\t\t\t\t\t\t\t\t\t\t\t<img decoding=\"async\" width=\"7574\" height=\"349\" src=\"https:\/\/planangelelli.larioja.gob.ar\/wp-content\/uploads\/2025\/06\/SUBTITULO_VISION.png\" class=\"attachment-full size-full wp-image-2089\" alt=\"\" \/>\t\t\t\t\t\t\t\t\t\t\t\t\t\t\t<\/div>\n\t\t\t\t\t<\/div>\n\t\t\t\t<\/div>\n\t\t<div class=\"elementor-element elementor-element-e25649f e-flex e-con-boxed e-con e-parent\" data-id=\"e25649f\" data-element_type=\"container\">\n\t\t\t\t\t<div class=\"e-con-inner\">\n\t\t\t\t<div class=\"elementor-element elementor-element-8a96f35 elementor-widget elementor-widget-text-editor\" data-id=\"8a96f35\" data-element_type=\"widget\" data-widget_type=\"text-editor.default\">\n\t\t\t\t\t\t\t\t\t<p style=\"line-height: 1.7999999999999998; text-align: justify; margin-top: 0pt; margin-bottom: 0pt;\"><span style=\"font-weight: normal; color: #808080;\"><span style=\"font-size: 14pt; font-style: inherit; background-color: transparent; font-family: Arial, sans-serif; white-space-collapse: preserve;\">Inspirado en la vocaci\u00f3n transformadora de nuestro recordado beato m\u00e1rtir Monse\u00f1or Enrique Angelelli, <\/span><span style=\"background-color: transparent; font-family: Arial, sans-serif; font-size: 14pt; white-space-collapse: preserve; font-style: inherit;\">el Plan Angelelli trasciende las viviendas y las obras de infraestructura para constituir un espacio de transformaci\u00f3n de los individuos en ciudadanas y ciudadanos comprometidos con la mejora de la convivencia comunitaria.<br \/><\/span><\/span><span style=\"font-weight: normal; color: #808080;\"><span style=\"font-size: 14pt; font-family: Arial, sans-serif; background-color: transparent; font-variant-numeric: normal; font-variant-east-asian: normal; font-variant-alternates: normal; font-variant-position: normal; font-variant-emoji: normal; vertical-align: baseline; white-space-collapse: preserve;\">Tomamos su legado \u201cCon un O\u00eddo en el Pueblo\u201d como norte, este mensaje se hace presente en cada acci\u00f3n comprometida, en cada respuesta y soluci\u00f3n que el Plan Angelelli brinda a las familias riojanas.<\/span><\/span><\/p><p dir=\"ltr\">\u00a0<\/p>\t\t\t\t\t\t\t\t<\/div>\n\t\t\t\t\t<\/div>\n\t\t\t\t<\/div>\n\t\t<div class=\"elementor-element elementor-element-96cfe2a e-flex e-con-boxed e-con e-parent\" data-id=\"96cfe2a\" data-element_type=\"container\">\n\t\t\t\t\t<div class=\"e-con-inner\">\n\t\t\t\t<div class=\"elementor-element elementor-element-ee4b1ce elementor-widget elementor-widget-image\" data-id=\"ee4b1ce\" data-element_type=\"widget\" data-widget_type=\"image.default\">\n\t\t\t\t\t\t\t\t\t\t\t\t\t\t\t<img loading=\"lazy\" decoding=\"async\" width=\"7575\" height=\"339\" src=\"https:\/\/planangelelli.larioja.gob.ar\/wp-content\/uploads\/2025\/06\/SUBTITULO_OBJETIVOS.png\" class=\"attachment-full size-full wp-image-2087\" alt=\"\" \/>\t\t\t\t\t\t\t\t\t\t\t\t\t\t\t<\/div>\n\t\t\t\t\t<\/div>\n\t\t\t\t<\/div>\n\t\t<div class=\"elementor-element elementor-element-a2c8410 e-flex e-con-boxed e-con e-parent\" data-id=\"a2c8410\" data-element_type=\"container\">\n\t\t\t\t\t<div class=\"e-con-inner\">\n\t\t\t\t<div class=\"elementor-element elementor-element-54f96a8 elementor-widget elementor-widget-text-editor\" data-id=\"54f96a8\" data-element_type=\"widget\" data-widget_type=\"text-editor.default\">\n\t\t\t\t\t\t\t\t\t<ul><li dir=\"ltr\" style=\"line-height: 1.8;\"><span style=\"font-size: 14pt; font-family: Arial, sans-serif; background-color: transparent; font-weight: 400; font-style: italic; font-variant: normal; text-decoration: none; vertical-align: baseline; white-space: pre-wrap; color: #808080;\">Acompa\u00f1ar a las familias riojanas en situaci\u00f3n de vulnerabilidad social y econ\u00f3mica a generar un proyecto de vida nuevo<\/span><\/li><li dir=\"ltr\" style=\"line-height: 1.8;\"><span style=\"font-size: 14pt; font-family: Arial, sans-serif; background-color: transparent; font-weight: 400; font-style: italic; font-variant: normal; text-decoration: none; vertical-align: baseline; white-space: pre-wrap; color: #808080;\">Bregar por la seguridad social, f\u00edsica y espiritual de las familias beneficiarias<\/span><\/li><li dir=\"ltr\" style=\"line-height: 1.8;\"><span style=\"font-size: 14pt; font-family: Arial, sans-serif; background-color: transparent; font-weight: 400; font-style: italic; font-variant: normal; text-decoration: none; vertical-align: baseline; white-space: pre-wrap; color: #808080;\">Trabajar para reducir el d\u00e9ficit habitacional existente con soluciones concretas en todo el territorio provincial<\/span><\/li><li dir=\"ltr\" style=\"line-height: 1.8;\"><span style=\"font-size: 14pt; font-family: Arial, sans-serif; background-color: transparent; font-weight: 400; font-style: italic; font-variant: normal; text-decoration: none; vertical-align: baseline; white-space: pre-wrap; color: #808080;\">Generar Ciudades con infraestructura f\u00edsica y de servicios que aporten a la integraci\u00f3n urbana<\/span><\/li><li dir=\"ltr\" style=\"line-height: 1.8;\"><span style=\"font-size: 14pt; font-family: Arial, sans-serif; background-color: transparent; font-weight: 400; font-style: italic; font-variant: normal; text-decoration: none; vertical-align: baseline; white-space: pre-wrap; color: #808080;\">Generar valor local a partir de la compra de materiales, insumos y equipamiento y la contrataci\u00f3n de profesionales y mano de obra en el rubro de la construcci\u00f3n.<\/span><\/li><\/ul>\t\t\t\t\t\t\t\t<\/div>\n\t\t\t\t\t<\/div>\n\t\t\t\t<\/div>\n\t\t<div class=\"elementor-element elementor-element-3d7c3bc e-flex e-con-boxed e-con e-parent\" data-id=\"3d7c3bc\" data-element_type=\"container\">\n\t\t\t\t\t<div class=\"e-con-inner\">\n\t\t\t\t<div class=\"elementor-element elementor-element-096fae3 elementor-widget elementor-widget-image\" data-id=\"096fae3\" data-element_type=\"widget\" data-widget_type=\"image.default\">\n\t\t\t\t\t\t\t\t\t\t\t\t\t\t\t<img loading=\"lazy\" decoding=\"async\" width=\"5618\" height=\"1773\" src=\"https:\/\/planangelelli.larioja.gob.ar\/wp-content\/uploads\/2025\/06\/SUBTITULO_MONS-ANGELELLI_3.png\" class=\"attachment-full size-full wp-image-2197\" alt=\"\" \/>\t\t\t\t\t\t\t\t\t\t\t\t\t\t\t<\/div>\n\t\t\t\t\t<\/div>\n\t\t\t\t<\/div>\n\t\t<div class=\"elementor-element elementor-element-462d04b e-flex e-con-boxed e-con e-parent\" data-id=\"462d04b\" data-element_type=\"container\">\n\t\t\t\t\t<div class=\"e-con-inner\">\n\t\t\t\t<div class=\"elementor-element elementor-element-e0b329c elementor-widget elementor-widget-text-editor\" data-id=\"e0b329c\" data-element_type=\"widget\" data-widget_type=\"text-editor.default\">\n\t\t\t\t\t\t\t\t\t<p style=\"line-height: 1.7999999999999998; text-align: justify; margin-top: 0pt; margin-bottom: 0pt;\">\u00a0<\/p><p style=\"line-height: 1.7999999999999998; text-align: justify; margin-top: 0pt; margin-bottom: 0pt;\"><span style=\"font-weight: normal; color: #808080;\"><span style=\"background-color: transparent; font-family: Arial, sans-serif; font-size: 14pt; white-space-collapse: preserve; font-style: inherit;\">Beato Martir Monse\u00f1or Enrique Angelelli fue un pastor de tierra adentro, obispo de la provincia de La Rioja que di\u00f3 su vida por el servicio a Dios y a su Pueblo.<\/span><\/span><\/p><p style=\"line-height: 1.7999999999999998; text-align: justify; margin-top: 0pt; margin-bottom: 0pt;\"><span style=\"font-weight: normal; color: #808080;\"><span style=\"background-color: transparent; font-family: Arial, sans-serif; font-size: 14pt; white-space-collapse: preserve; font-style: inherit;\">Fue Cruelmente asesinado en 1976 en Punta de los Llanos por la \u00faltima dictadura Militar.<\/span><\/span><\/p><p style=\"line-height: 1.7999999999999998; text-align: justify; margin-top: 0pt; margin-bottom: 0pt;\"><span style=\"font-weight: normal; color: #808080;\"><span style=\"background-color: transparent; font-family: Arial, sans-serif; font-size: 14pt; white-space-collapse: preserve; font-style: inherit;\">Monse\u00f1or Angelelli bregaba por la vida en la comunidad; de escucha atenta y emp\u00e1tica, trabaj\u00f3 incansablemente por los sectores m\u00e1s humildes y postergados.<\/span><\/span><\/p><p style=\"line-height: 1.7999999999999998; text-align: justify; margin-top: 0pt; margin-bottom: 0pt;\"><span style=\"color: #808080; font-family: Arial, sans-serif;\"><span style=\"font-size: 18.6667px; white-space-collapse: preserve;\">Su ejemplo de vida, acci\u00f3n transformadora y su invitaci\u00f3n a construir comunidad, gu\u00eda cada una de las acciones del Plan Angelelli.<\/span><\/span><\/p><p style=\"line-height: 1.7999999999999998; text-align: justify; margin-top: 0pt; margin-bottom: 0pt;\"><span style=\"font-weight: normal; color: #808080;\"><span style=\"font-size: 14pt; font-family: Arial, sans-serif; background-color: transparent; font-variant-numeric: normal; font-variant-east-asian: normal; font-variant-alternates: normal; font-variant-position: normal; font-variant-emoji: normal; vertical-align: baseline; white-space-collapse: preserve;\">\u00a0<\/span><\/span><\/p><p dir=\"ltr\">\u00a0<\/p>\t\t\t\t\t\t\t\t<\/div>\n\t\t\t\t\t<\/div>\n\t\t\t\t<\/div>\n\t\t\t\t<\/div>\n\t\t","protected":false},"excerpt":{"rendered":"<p>Es un programa \u00fanico en su tipo que construye mucho m\u00e1s que barrios y casas de manera integral, sino que [&hellip;]<\/p>\n","protected":false},"author":1,"featured_media":0,"parent":0,"menu_order":0,"comment_status":"closed","ping_status":"closed","template":"elementor_header_footer","meta":{"site-sidebar-layout":"default","site-content-layout":"","ast-site-content-layout":"full-width-container","site-content-style":"default","site-sidebar-style":"default","ast-global-header-display":"","ast-banner-title-visibility":"","ast-main-header-display":"","ast-hfb-above-header-display":"","ast-hfb-below-header-display":"","ast-hfb-mobile-header-display":"","site-post-title":"disabled","ast-breadcrumbs-content":"","ast-featured-img":"","footer-sml-layout":"","theme-transparent-header-meta":"","adv-header-id-meta":"","stick-header-meta":"","header-above-stick-meta":"","header-main-stick-meta":"","header-below-stick-meta":"","astra-migrate-meta-layouts":"default","ast-page-background-enabled":"default","ast-page-background-meta":{"desktop":{"background-color":"var(--ast-global-color-4)","background-image":"","background-repeat":"repeat","background-position":"center center","background-size":"auto","background-attachment":"scroll","background-type":"","background-media":"","overlay-type":"","overlay-color":"","overlay-opacity":"","overlay-gradient":""},"tablet":{"background-color":"","background-image":"","background-repeat":"repeat","background-position":"center center","background-size":"auto","background-attachment":"scroll","background-type":"","background-media":"","overlay-type":"","overlay-color":"","overlay-opacity":"","overlay-gradient":""},"mobile":{"background-color":"","background-image":"","background-repeat":"repeat","background-position":"center center","background-size":"auto","background-attachment":"scroll","background-type":"","background-media":"","overlay-type":"","overlay-color":"","overlay-opacity":"","overlay-gradient":""}},"ast-content-background-meta":{"desktop":{"background-color":"var(--ast-global-color-5)","background-image":"","background-repeat":"repeat","background-position":"center center","background-size":"auto","background-attachment":"scroll","background-type":"","background-media":"","overlay-type":"","overlay-color":"","overlay-opacity":"","overlay-gradient":""},"tablet":{"background-color":"var(--ast-global-color-5)","background-image":"","background-repeat":"repeat","background-position":"center center","background-size":"auto","background-attachment":"scroll","background-type":"","background-media":"","overlay-type":"","overlay-color":"","overlay-opacity":"","overlay-gradient":""},"mobile":{"background-color":"var(--ast-global-color-5)","background-image":"","background-repeat":"repeat","background-position":"center center","background-size":"auto","background-attachment":"scroll","background-type":"","background-media":"","overlay-type":"","overlay-color":"","overlay-opacity":"","overlay-gradient":""}},"footnotes":""},"class_list":["post-1661","page","type-page","status-publish","hentry"],"_links":{"self":[{"href":"https:\/\/planangelelli.larioja.gob.ar\/index.php?rest_route=\/wp\/v2\/pages\/1661","targetHints":{"allow":["GET"]}}],"collection":[{"href":"https:\/\/planangelelli.larioja.gob.ar\/index.php?rest_route=\/wp\/v2\/pages"}],"about":[{"href":"https:\/\/planangelelli.larioja.gob.ar\/index.php?rest_route=\/wp\/v2\/types\/page"}],"author":[{"embeddable":true,"href":"https:\/\/planangelelli.larioja.gob.ar\/index.php?rest_route=\/wp\/v2\/users\/1"}],"replies":[{"embeddable":true,"href":"https:\/\/planangelelli.larioja.gob.ar\/index.php?rest_route=%2Fwp%2Fv2%2Fcomments&post=1661"}],"version-history":[{"count":0,"href":"https:\/\/planangelelli.larioja.gob.ar\/index.php?rest_route=\/wp\/v2\/pages\/1661\/revisions"}],"wp:attachment":[{"href":"https:\/\/planangelelli.larioja.gob.ar\/index.php?rest_route=%2Fwp%2Fv2%2Fmedia&parent=1661"}],"curies":[{"name":"wp","href":"https:\/\/api.w.org\/{rel}","templated":true}]}}