{"id":3068,"date":"2025-07-13T23:23:44","date_gmt":"2025-07-14T02:23:44","guid":{"rendered":"http:\/\/localhost\/planangelelli\/?page_id=3068"},"modified":"2025-07-13T23:23:44","modified_gmt":"2025-07-14T02:23:44","slug":"lazos-dorados","status":"publish","type":"page","link":"https:\/\/planangelelli.larioja.gob.ar\/?page_id=3068","title":{"rendered":"Lazos Dorados"},"content":{"rendered":"\t\t<div data-elementor-type=\"wp-page\" data-elementor-id=\"3068\" class=\"elementor elementor-3068\" data-elementor-post-type=\"page\">\n\t\t\t\t<div class=\"elementor-element elementor-element-84712d8 e-flex e-con-boxed e-con e-parent\" data-id=\"84712d8\" data-element_type=\"container\">\n\t\t\t\t\t<div class=\"e-con-inner\">\n\t\t\t\t<div class=\"elementor-element elementor-element-670b102 elementor-widget elementor-widget-spacer\" data-id=\"670b102\" data-element_type=\"widget\" data-widget_type=\"spacer.default\">\n\t\t\t\t\t\t\t<div class=\"elementor-spacer\">\n\t\t\t<div class=\"elementor-spacer-inner\"><\/div>\n\t\t<\/div>\n\t\t\t\t\t\t<\/div>\n\t\t\t\t\t<\/div>\n\t\t\t\t<\/div>\n\t\t<div class=\"elementor-element elementor-element-6707629 e-flex e-con-boxed e-con e-parent\" data-id=\"6707629\" data-element_type=\"container\">\n\t\t\t\t\t<div class=\"e-con-inner\">\n\t\t\t\t<div class=\"elementor-element elementor-element-edbec5a elementor-widget elementor-widget-heading\" data-id=\"edbec5a\" data-element_type=\"widget\" data-widget_type=\"heading.default\">\n\t\t\t\t\t<h2 class=\"elementor-heading-title elementor-size-default\">El Plan Angelelli y Lazos Dorados articulan esfuerzos para brindar soluciones a familias con hijos e hijas con diagn\u00f3stico oncol\u00f3gico<\/h2>\t\t\t\t<\/div>\n\t\t\t\t\t<\/div>\n\t\t\t\t<\/div>\n\t\t<div class=\"elementor-element elementor-element-f867c5e e-flex e-con-boxed e-con e-parent\" data-id=\"f867c5e\" data-element_type=\"container\">\n\t\t\t\t\t<div class=\"e-con-inner\">\n\t\t\t\t<div class=\"elementor-element elementor-element-d049f10 elementor-widget elementor-widget-text-editor\" data-id=\"d049f10\" data-element_type=\"widget\" data-widget_type=\"text-editor.default\">\n\t\t\t\t\t\t\t\t\t<p>\u00a0<\/p><p><span style=\"font-weight: 400;\">Mediante un convenio de colaboraci\u00f3n, la Unidad Ejecutora del Plan Angelelli y el Ministerio de Desarrollo, Igualdad e Integraci\u00f3n Social articular\u00e1n esfuerzos para brindar soluciones a familias de ni\u00f1os, ni\u00f1as y adolescentes con diagn\u00f3stico oncol\u00f3gico, que integran el programa Lazos Dorados.<\/span><\/p><p><span style=\"font-weight: 400;\">Este trabajo articulado se enmarca en las pol\u00edticas p\u00fablicas de integraci\u00f3n social impulsadas por el Gobierno de La Rioja, con el objetivo de garantizar el derecho a una vivienda digna y a una vida con bienestar para las familias riojanas que deben atravesar junto a sus hijos e hijas tratamientos oncol\u00f3gicos en sus hogares.\u00a0<\/span><\/p><p><span style=\"font-weight: 400;\">Esta acci\u00f3n concreta se suma a la contenci\u00f3n <\/span><span style=\"font-weight: 400;\">econ\u00f3mica, social y emocional que se brinda a los ni\u00f1os, ni\u00f1as y adolescentes mediante el programa Lazos Dorados y permitir\u00e1 <\/span><span style=\"font-weight: 400;\">planificar, priorizar y actuar en territorio con una mirada integral, avanzando en soluciones reales para cada caso.<\/span><\/p>\t\t\t\t\t\t\t\t<\/div>\n\t\t\t\t\t<\/div>\n\t\t\t\t<\/div>\n\t\t<div class=\"elementor-element elementor-element-3312f0f e-flex e-con-boxed e-con e-parent\" data-id=\"3312f0f\" data-element_type=\"container\">\n\t\t\t\t\t<div class=\"e-con-inner\">\n\t\t\t\t<div class=\"elementor-element elementor-element-37dfa4b elementor-widget elementor-widget-image\" data-id=\"37dfa4b\" data-element_type=\"widget\" data-widget_type=\"image.default\">\n\t\t\t\t\t\t\t\t\t\t\t\t\t\t\t<img fetchpriority=\"high\" decoding=\"async\" width=\"768\" height=\"512\" src=\"https:\/\/planangelelli.larioja.gob.ar\/wp-content\/uploads\/2025\/06\/foto2noticia2.jpeg\" class=\"attachment-medium_large size-medium_large wp-image-2456\" alt=\"\" \/>\t\t\t\t\t\t\t\t\t\t\t\t\t\t\t<\/div>\n\t\t\t\t\t<\/div>\n\t\t\t\t<\/div>\n\t\t\t\t<\/div>\n\t\t","protected":false},"excerpt":{"rendered":"<p>El Plan Angelelli y Lazos Dorados articulan esfuerzos para brindar soluciones a familias con hijos e hijas con diagn\u00f3stico oncol\u00f3gico [&hellip;]<\/p>\n","protected":false},"author":1,"featured_media":0,"parent":0,"menu_order":0,"comment_status":"closed","ping_status":"closed","template":"","meta":{"site-sidebar-layout":"no-sidebar","site-content-layout":"","ast-site-content-layout":"full-width-container","site-content-style":"default","site-sidebar-style":"default","ast-global-header-display":"","ast-banner-title-visibility":"","ast-main-header-display":"","ast-hfb-above-header-display":"","ast-hfb-below-header-display":"","ast-hfb-mobile-header-display":"","site-post-title":"disabled","ast-breadcrumbs-content":"","ast-featured-img":"disabled","footer-sml-layout":"","theme-transparent-header-meta":"","adv-header-id-meta":"","stick-header-meta":"","header-above-stick-meta":"","header-main-stick-meta":"","header-below-stick-meta":"","astra-migrate-meta-layouts":"default","ast-page-background-enabled":"default","ast-page-background-meta":{"desktop":{"background-color":"var(--ast-global-color-5)","background-image":"","background-repeat":"repeat","background-position":"center center","background-size":"auto","background-attachment":"scroll","background-type":"","background-media":"","overlay-type":"","overlay-color":"","overlay-opacity":"","overlay-gradient":""},"tablet":{"background-color":"","background-image":"","background-repeat":"repeat","background-position":"center center","background-size":"auto","background-attachment":"scroll","background-type":"","background-media":"","overlay-type":"","overlay-color":"","overlay-opacity":"","overlay-gradient":""},"mobile":{"background-color":"","background-image":"","background-repeat":"repeat","background-position":"center center","background-size":"auto","background-attachment":"scroll","background-type":"","background-media":"","overlay-type":"","overlay-color":"","overlay-opacity":"","overlay-gradient":""}},"ast-content-background-meta":{"desktop":{"background-color":"var(--ast-global-color-4)","background-image":"","background-repeat":"repeat","background-position":"center center","background-size":"auto","background-attachment":"scroll","background-type":"","background-media":"","overlay-type":"","overlay-color":"","overlay-opacity":"","overlay-gradient":""},"tablet":{"background-color":"var(--ast-global-color-4)","background-image":"","background-repeat":"repeat","background-position":"center center","background-size":"auto","background-attachment":"scroll","background-type":"","background-media":"","overlay-type":"","overlay-color":"","overlay-opacity":"","overlay-gradient":""},"mobile":{"background-color":"var(--ast-global-color-4)","background-image":"","background-repeat":"repeat","background-position":"center center","background-size":"auto","background-attachment":"scroll","background-type":"","background-media":"","overlay-type":"","overlay-color":"","overlay-opacity":"","overlay-gradient":""}},"footnotes":""},"class_list":["post-3068","page","type-page","status-publish","hentry"],"_links":{"self":[{"href":"https:\/\/planangelelli.larioja.gob.ar\/index.php?rest_route=\/wp\/v2\/pages\/3068","targetHints":{"allow":["GET"]}}],"collection":[{"href":"https:\/\/planangelelli.larioja.gob.ar\/index.php?rest_route=\/wp\/v2\/pages"}],"about":[{"href":"https:\/\/planangelelli.larioja.gob.ar\/index.php?rest_route=\/wp\/v2\/types\/page"}],"author":[{"embeddable":true,"href":"https:\/\/planangelelli.larioja.gob.ar\/index.php?rest_route=\/wp\/v2\/users\/1"}],"replies":[{"embeddable":true,"href":"https:\/\/planangelelli.larioja.gob.ar\/index.php?rest_route=%2Fwp%2Fv2%2Fcomments&post=3068"}],"version-history":[{"count":0,"href":"https:\/\/planangelelli.larioja.gob.ar\/index.php?rest_route=\/wp\/v2\/pages\/3068\/revisions"}],"wp:attachment":[{"href":"https:\/\/planangelelli.larioja.gob.ar\/index.php?rest_route=%2Fwp%2Fv2%2Fmedia&parent=3068"}],"curies":[{"name":"wp","href":"https:\/\/api.w.org\/{rel}","templated":true}]}}