{"id":551,"date":"2024-10-26T02:57:14","date_gmt":"2024-10-26T05:57:14","guid":{"rendered":"http:\/\/localhost\/planangelelli\/?page_id=551"},"modified":"2026-02-03T12:30:19","modified_gmt":"2026-02-03T15:30:19","slug":"ley-angelelli","status":"publish","type":"page","link":"https:\/\/planangelelli.larioja.gob.ar\/?page_id=551","title":{"rendered":"Ley Angelelli"},"content":{"rendered":"\t\t<div data-elementor-type=\"wp-page\" data-elementor-id=\"551\" class=\"elementor elementor-551\" data-elementor-post-type=\"page\">\n\t\t\t\t<div class=\"elementor-element elementor-element-570ee45 e-flex e-con-boxed e-con e-parent\" data-id=\"570ee45\" data-element_type=\"container\">\n\t\t\t\t\t<div class=\"e-con-inner\">\n\t\t\t\t<div class=\"elementor-element elementor-element-fb54cb1 elementor-widget elementor-widget-image\" data-id=\"fb54cb1\" data-element_type=\"widget\" data-widget_type=\"image.default\">\n\t\t\t\t\t\t\t\t\t\t\t\t\t\t\t<img fetchpriority=\"high\" decoding=\"async\" width=\"1024\" height=\"184\" src=\"https:\/\/planangelelli.larioja.gob.ar\/wp-content\/uploads\/2025\/08\/TITULO_LEY-ANGELELLI-1-1024x184.png\" class=\"attachment-large size-large wp-image-3397\" alt=\"\" srcset=\"https:\/\/planangelelli.larioja.gob.ar\/wp-content\/uploads\/2025\/08\/TITULO_LEY-ANGELELLI-1-1024x184.png 1024w, https:\/\/planangelelli.larioja.gob.ar\/wp-content\/uploads\/2025\/08\/TITULO_LEY-ANGELELLI-1-300x54.png 300w, https:\/\/planangelelli.larioja.gob.ar\/wp-content\/uploads\/2025\/08\/TITULO_LEY-ANGELELLI-1-768x138.png 768w, https:\/\/planangelelli.larioja.gob.ar\/wp-content\/uploads\/2025\/08\/TITULO_LEY-ANGELELLI-1-1536x276.png 1536w, https:\/\/planangelelli.larioja.gob.ar\/wp-content\/uploads\/2025\/08\/TITULO_LEY-ANGELELLI-1-2048x369.png 2048w\" sizes=\"(max-width: 1024px) 100vw, 1024px\" \/>\t\t\t\t\t\t\t\t\t\t\t\t\t\t\t<\/div>\n\t\t\t\t\t<\/div>\n\t\t\t\t<\/div>\n\t\t<div class=\"elementor-element elementor-element-ee273ad e-flex e-con-boxed e-con e-parent\" data-id=\"ee273ad\" data-element_type=\"container\">\n\t\t\t\t\t<div class=\"e-con-inner\">\n\t\t\t\t<div class=\"elementor-element elementor-element-682989b0 elementor-widget elementor-widget-text-editor\" data-id=\"682989b0\" data-element_type=\"widget\" data-widget_type=\"text-editor.default\">\n\t\t\t\t\t\t\t\t\t<p><strong style=\"font-style: inherit; text-align: left;\">La Ley Provincial Angelelli N\u00b0 10.695<\/strong><span style=\"font-style: inherit; font-weight: inherit; text-align: left;\"> aprobada el 6 de diciembre de 2023 en la Legislatura de la provincia de La Rioja, permite consolidar este programa de Desarrollo e Integraci\u00f3n Urbana, garantizando a los riojanos y riojanas un presupuesto dedicado a la vivienda, que establezca los fines sociales de las obras, especificando requisitos y condiciones de uso de las infraestructuras y de las viviendas.<\/span><\/p><p>Esta normativa significa una importante inversi\u00f3n del Estado en las familias riojanas que se encuentran en situaci\u00f3n de vulnerabilidad; posibilitando generar las condiciones para reducir las desigualdades habitacionales existentes, transformando la realidad de las riojanas y riojanos en sus propios territorios, respetando el arraigo y acompa\u00f1ando su crecimiento y desarrollo.<\/p><p>Contempla adem\u00e1s, obras de infraestructura y servicios b\u00e1sicos para garantizar a las familias beneficiarias una calidad de vida digna y un Hogar integrado a la Ciudad.<\/p><p>La Ley Angelelli tiene adem\u00e1s una <strong>incidencia directa en el cuidado de las Tierras al establecer un nuevo R\u00e9gimen Regulatorio Especial para el otorgamiento de las viviendas. <\/strong>Se deber\u00e1n cumplir ciertas condiciones, entre ellas, se proh\u00edbe locar, ceder, permutar y cualquier tipo de transacci\u00f3n comercial, garantizando el destino social de la vivienda por un per\u00edodo de al menos 30 a\u00f1os.<\/p><p style=\"line-height: 150%; margin: 12pt 0cm;\"><b><span lang=\"es-419\" style=\"font-size: 12.0pt; line-height: 150%;\">\u00a0 \u00a0 \u00a0 \u00a0 \u00a0 \u00a0 \u00a0 \u00a0 <span style=\"color: #0000ff;\"><a style=\"color: #0000ff;\" href=\"https:\/\/drive.google.com\/file\/d\/1AT8g0LZs2OZXK0YrIWPRkcN6dwflLFPl\/view?usp=drive_link\">Consult\u00e1 la Ley Provincial N\u00b0 10695\u00a0<\/a><\/span><\/span><\/b><\/p>\t\t\t\t\t\t\t\t<\/div>\n\t\t\t\t\t<\/div>\n\t\t\t\t<\/div>\n\t\t\t\t<\/div>\n\t\t","protected":false},"excerpt":{"rendered":"<p>La Ley Provincial Angelelli N\u00b0 10.695 aprobada el 6 de diciembre de 2023 en la Legislatura de la provincia de [&hellip;]<\/p>\n","protected":false},"author":1,"featured_media":0,"parent":0,"menu_order":0,"comment_status":"closed","ping_status":"closed","template":"","meta":{"site-sidebar-layout":"no-sidebar","site-content-layout":"","ast-site-content-layout":"full-width-container","site-content-style":"default","site-sidebar-style":"default","ast-global-header-display":"","ast-banner-title-visibility":"","ast-main-header-display":"","ast-hfb-above-header-display":"","ast-hfb-below-header-display":"","ast-hfb-mobile-header-display":"","site-post-title":"disabled","ast-breadcrumbs-content":"","ast-featured-img":"disabled","footer-sml-layout":"","theme-transparent-header-meta":"","adv-header-id-meta":"","stick-header-meta":"","header-above-stick-meta":"","header-main-stick-meta":"","header-below-stick-meta":"","astra-migrate-meta-layouts":"default","ast-page-background-enabled":"default","ast-page-background-meta":{"desktop":{"background-color":"var(--ast-global-color-5)","background-image":"","background-repeat":"repeat","background-position":"center center","background-size":"auto","background-attachment":"scroll","background-type":"","background-media":"","overlay-type":"","overlay-color":"","overlay-opacity":"","overlay-gradient":""},"tablet":{"background-color":"","background-image":"","background-repeat":"repeat","background-position":"center center","background-size":"auto","background-attachment":"scroll","background-type":"","background-media":"","overlay-type":"","overlay-color":"","overlay-opacity":"","overlay-gradient":""},"mobile":{"background-color":"","background-image":"","background-repeat":"repeat","background-position":"center center","background-size":"auto","background-attachment":"scroll","background-type":"","background-media":"","overlay-type":"","overlay-color":"","overlay-opacity":"","overlay-gradient":""}},"ast-content-background-meta":{"desktop":{"background-color":"var(--ast-global-color-4)","background-image":"","background-repeat":"repeat","background-position":"center center","background-size":"auto","background-attachment":"scroll","background-type":"","background-media":"","overlay-type":"","overlay-color":"","overlay-opacity":"","overlay-gradient":""},"tablet":{"background-color":"var(--ast-global-color-4)","background-image":"","background-repeat":"repeat","background-position":"center center","background-size":"auto","background-attachment":"scroll","background-type":"","background-media":"","overlay-type":"","overlay-color":"","overlay-opacity":"","overlay-gradient":""},"mobile":{"background-color":"var(--ast-global-color-4)","background-image":"","background-repeat":"repeat","background-position":"center center","background-size":"auto","background-attachment":"scroll","background-type":"","background-media":"","overlay-type":"","overlay-color":"","overlay-opacity":"","overlay-gradient":""}},"footnotes":""},"class_list":["post-551","page","type-page","status-publish","hentry"],"_links":{"self":[{"href":"https:\/\/planangelelli.larioja.gob.ar\/index.php?rest_route=\/wp\/v2\/pages\/551","targetHints":{"allow":["GET"]}}],"collection":[{"href":"https:\/\/planangelelli.larioja.gob.ar\/index.php?rest_route=\/wp\/v2\/pages"}],"about":[{"href":"https:\/\/planangelelli.larioja.gob.ar\/index.php?rest_route=\/wp\/v2\/types\/page"}],"author":[{"embeddable":true,"href":"https:\/\/planangelelli.larioja.gob.ar\/index.php?rest_route=\/wp\/v2\/users\/1"}],"replies":[{"embeddable":true,"href":"https:\/\/planangelelli.larioja.gob.ar\/index.php?rest_route=%2Fwp%2Fv2%2Fcomments&post=551"}],"version-history":[{"count":33,"href":"https:\/\/planangelelli.larioja.gob.ar\/index.php?rest_route=\/wp\/v2\/pages\/551\/revisions"}],"predecessor-version":[{"id":3813,"href":"https:\/\/planangelelli.larioja.gob.ar\/index.php?rest_route=\/wp\/v2\/pages\/551\/revisions\/3813"}],"wp:attachment":[{"href":"https:\/\/planangelelli.larioja.gob.ar\/index.php?rest_route=%2Fwp%2Fv2%2Fmedia&parent=551"}],"curies":[{"name":"wp","href":"https:\/\/api.w.org\/{rel}","templated":true}]}}