{"id":709,"date":"2024-10-27T21:05:15","date_gmt":"2024-10-28T00:05:15","guid":{"rendered":"http:\/\/localhost\/planangelelli\/?page_id=709"},"modified":"2024-10-27T21:05:15","modified_gmt":"2024-10-28T00:05:15","slug":"angelelli-en-casa-2","status":"publish","type":"page","link":"https:\/\/planangelelli.larioja.gob.ar\/?page_id=709","title":{"rendered":"Angelelli en Casa"},"content":{"rendered":"\t\t<div data-elementor-type=\"wp-page\" data-elementor-id=\"709\" class=\"elementor elementor-709\" data-elementor-post-type=\"page\">\n\t\t\t\t<div class=\"elementor-element elementor-element-c08be73 e-flex e-con-boxed e-con e-parent\" data-id=\"c08be73\" data-element_type=\"container\">\n\t\t\t\t\t<div class=\"e-con-inner\">\n\t\t\t\t<div class=\"elementor-element elementor-element-4f89d3f elementor-widget elementor-widget-image\" data-id=\"4f89d3f\" data-element_type=\"widget\" data-widget_type=\"image.default\">\n\t\t\t\t\t\t\t\t\t\t\t\t\t\t\t<img fetchpriority=\"high\" decoding=\"async\" width=\"4451\" height=\"801\" src=\"https:\/\/planangelelli.larioja.gob.ar\/wp-content\/uploads\/2025\/06\/TITULO_ANGELELLI-EN-CASA.png\" class=\"attachment-full size-full wp-image-2173\" alt=\"\" \/>\t\t\t\t\t\t\t\t\t\t\t\t\t\t\t<\/div>\n\t\t\t\t\t<\/div>\n\t\t\t\t<\/div>\n\t\t<div class=\"elementor-element elementor-element-e1dc58b e-flex e-con-boxed e-con e-parent\" data-id=\"e1dc58b\" data-element_type=\"container\">\n\t\t\t\t\t<div class=\"e-con-inner\">\n\t\t\t\t<div class=\"elementor-element elementor-element-460a2de elementor-widget-divider--view-line elementor-widget elementor-widget-divider\" data-id=\"460a2de\" data-element_type=\"widget\" data-widget_type=\"divider.default\">\n\t\t\t\t\t\t\t<div class=\"elementor-divider\">\n\t\t\t<span class=\"elementor-divider-separator\">\n\t\t\t\t\t\t<\/span>\n\t\t<\/div>\n\t\t\t\t\t\t<\/div>\n\t\t\t\t\t<\/div>\n\t\t\t\t<\/div>\n\t\t<div class=\"elementor-element elementor-element-838a661 e-flex e-con-boxed e-con e-parent\" data-id=\"838a661\" data-element_type=\"container\">\n\t\t\t\t\t<div class=\"e-con-inner\">\n\t\t\t\t<div class=\"elementor-element elementor-element-1304962 elementor-widget elementor-widget-text-editor\" data-id=\"1304962\" data-element_type=\"widget\" data-widget_type=\"text-editor.default\">\n\t\t\t\t\t\t\t\t\t<p dir=\"ltr\" style=\"font-weight: 400; ; text-align: justify; background-color: #ffffff; margin-top: 0pt; margin-bottom: 0pt; padding: 0pt 0pt 19pt 0pt;\"><span style=\"font-weight: 400; font-family: Arial, sans-serif; color: #808080; background-color: transparent; font-style: normal; font-variant: normal; text-decoration: none; vertical-align: baseline; white-space: pre-wrap;\">Mediante la dimensi\u00f3n Angelelli en Casa buscamos acompa\u00f1ar a las familias riojanas en situaci\u00f3n de vulnerabilidad, mediante la provisi\u00f3n de materiales de construcci\u00f3n, herramientas y\/o elementos necesarios para la refacci\u00f3n y\/o el mejoramiento de su vivienda, con la finalidad de proveer al acceso de mejores condiciones de vida.<\/span><\/p><p dir=\"ltr\" style=\"line-height: 1.38; text-align: justify; background-color: #ffffff; margin-top: 0pt; margin-bottom: 0pt; padding: 0pt 0pt 19pt 0pt;\"><span style=\"font-size: 11pt; font-family: Arial, sans-serif; color: #808080; background-color: transparent; font-weight: 400; font-style: normal; font-variant: normal; text-decoration: none; vertical-align: baseline; white-space: pre-wrap;\">En cada caso, el equipo profesional de la Unidad Ejecutora, integrado por una Trabajadora Social y tambi\u00e9n una Arquitecta, de ser necesario, realiza una visita previa con el objetivo de elaborar un relevamiento social y t\u00e9cnico y constatar la necesidad de cada caso para dar respuestas concretas seg\u00fan corresponda.<\/span><\/p><p dir=\"ltr\" style=\"line-height: 1.38; text-align: justify; background-color: #ffffff; margin-top: 0pt; margin-bottom: 19pt;\"><span style=\"font-size: 11pt; font-family: Arial, sans-serif; color: #808080; background-color: transparent; font-weight: 400; font-style: normal; font-variant: normal; text-decoration: none; vertical-align: baseline; white-space: pre-wrap;\">Esta acci\u00f3n se enmarca en la reglamentaci\u00f3n de la Ley provincial N\u00b0 10.695 mediante la cual se consolida el Plan Angelelli como pol\u00edtica de estado, generando las condiciones para aportar a reducir las desigualdades habitacionales existentes, transformando la realidad de las riojanas y riojanos en sus propios territorios, respetando el arraigo y acompa\u00f1ando su crecimiento y desarrollo.<\/span><\/p>\t\t\t\t\t\t\t\t<\/div>\n\t\t\t\t\t<\/div>\n\t\t\t\t<\/div>\n\t\t<div class=\"elementor-element elementor-element-be9b49b e-flex e-con-boxed e-con e-parent\" data-id=\"be9b49b\" data-element_type=\"container\">\n\t\t\t\t\t<div class=\"e-con-inner\">\n\t\t\t\t<div class=\"elementor-element elementor-element-7234d6a elementor-arrows-position-inside elementor-pagination-position-outside elementor-widget elementor-widget-image-carousel\" data-id=\"7234d6a\" data-element_type=\"widget\" data-settings=\"{&quot;navigation&quot;:&quot;both&quot;,&quot;autoplay&quot;:&quot;yes&quot;,&quot;pause_on_hover&quot;:&quot;yes&quot;,&quot;pause_on_interaction&quot;:&quot;yes&quot;,&quot;autoplay_speed&quot;:5000,&quot;infinite&quot;:&quot;yes&quot;,&quot;speed&quot;:500}\" data-widget_type=\"image-carousel.default\">\n\t\t\t\t\t\t\t<div class=\"elementor-image-carousel-wrapper swiper\" role=\"region\" aria-roledescription=\"carousel\" aria-label=\"Carrusel de im\u00e1genes\" dir=\"ltr\">\n\t\t\t<div class=\"elementor-image-carousel swiper-wrapper\" aria-live=\"off\">\n\t\t\t\t\t\t\t\t<div class=\"swiper-slide\" role=\"group\" aria-roledescription=\"slide\" aria-label=\"1 of 12\"><a data-elementor-open-lightbox=\"yes\" data-elementor-lightbox-slideshow=\"7234d6a\" data-elementor-lightbox-title=\"WhatsApp Image 2024-10-25 at 12.37.34 (1)\" data-e-action-hash=\"#elementor-action%3Aaction%3Dlightbox%26settings%3DeyJpZCI6MzU3LCJ1cmwiOiJodHRwczpcL1wvcGxhbmFuZ2VsZWxsaS5sYXJpb2phLmdvYi5hclwvd3AtY29udGVudFwvdXBsb2Fkc1wvMjAyNFwvMTBcL1doYXRzQXBwLUltYWdlLTIwMjQtMTAtMjUtYXQtMTIuMzcuMzQtMS5qcGVnIiwic2xpZGVzaG93IjoiNzIzNGQ2YSJ9\" href=\"https:\/\/planangelelli.larioja.gob.ar\/wp-content\/uploads\/2024\/10\/WhatsApp-Image-2024-10-25-at-12.37.34-1.jpeg\"><figure class=\"swiper-slide-inner\"><img decoding=\"async\" class=\"swiper-slide-image\" src=\"https:\/\/planangelelli.larioja.gob.ar\/wp-content\/uploads\/2024\/10\/WhatsApp-Image-2024-10-25-at-12.37.34-1.jpeg\" alt=\"WhatsApp Image 2024-10-25 at 12.37.34 (1)\" \/><\/figure><\/a><\/div><div class=\"swiper-slide\" role=\"group\" aria-roledescription=\"slide\" aria-label=\"2 of 12\"><a data-elementor-open-lightbox=\"yes\" data-elementor-lightbox-slideshow=\"7234d6a\" data-elementor-lightbox-title=\"WhatsApp Image 2024-10-25 at 12.37.34 (2)\" data-e-action-hash=\"#elementor-action%3Aaction%3Dlightbox%26settings%3DeyJpZCI6MzU4LCJ1cmwiOiJodHRwczpcL1wvcGxhbmFuZ2VsZWxsaS5sYXJpb2phLmdvYi5hclwvd3AtY29udGVudFwvdXBsb2Fkc1wvMjAyNFwvMTBcL1doYXRzQXBwLUltYWdlLTIwMjQtMTAtMjUtYXQtMTIuMzcuMzQtMi5qcGVnIiwic2xpZGVzaG93IjoiNzIzNGQ2YSJ9\" href=\"https:\/\/planangelelli.larioja.gob.ar\/wp-content\/uploads\/2024\/10\/WhatsApp-Image-2024-10-25-at-12.37.34-2.jpeg\"><figure class=\"swiper-slide-inner\"><img decoding=\"async\" class=\"swiper-slide-image\" src=\"https:\/\/planangelelli.larioja.gob.ar\/wp-content\/uploads\/2024\/10\/WhatsApp-Image-2024-10-25-at-12.37.34-2.jpeg\" alt=\"WhatsApp Image 2024-10-25 at 12.37.34 (2)\" \/><\/figure><\/a><\/div><div class=\"swiper-slide\" role=\"group\" aria-roledescription=\"slide\" aria-label=\"3 of 12\"><a data-elementor-open-lightbox=\"yes\" data-elementor-lightbox-slideshow=\"7234d6a\" data-elementor-lightbox-title=\"WhatsApp Image 2024-10-25 at 12.37.34 (3)\" data-e-action-hash=\"#elementor-action%3Aaction%3Dlightbox%26settings%3DeyJpZCI6MzU5LCJ1cmwiOiJodHRwczpcL1wvcGxhbmFuZ2VsZWxsaS5sYXJpb2phLmdvYi5hclwvd3AtY29udGVudFwvdXBsb2Fkc1wvMjAyNFwvMTBcL1doYXRzQXBwLUltYWdlLTIwMjQtMTAtMjUtYXQtMTIuMzcuMzQtMy5qcGVnIiwic2xpZGVzaG93IjoiNzIzNGQ2YSJ9\" href=\"https:\/\/planangelelli.larioja.gob.ar\/wp-content\/uploads\/2024\/10\/WhatsApp-Image-2024-10-25-at-12.37.34-3.jpeg\"><figure class=\"swiper-slide-inner\"><img decoding=\"async\" class=\"swiper-slide-image\" src=\"https:\/\/planangelelli.larioja.gob.ar\/wp-content\/uploads\/2024\/10\/WhatsApp-Image-2024-10-25-at-12.37.34-3.jpeg\" alt=\"WhatsApp Image 2024-10-25 at 12.37.34 (3)\" \/><\/figure><\/a><\/div><div class=\"swiper-slide\" role=\"group\" aria-roledescription=\"slide\" aria-label=\"4 of 12\"><a data-elementor-open-lightbox=\"yes\" data-elementor-lightbox-slideshow=\"7234d6a\" data-elementor-lightbox-title=\"WhatsApp Image 2024-10-25 at 12.37.34 (4)\" data-e-action-hash=\"#elementor-action%3Aaction%3Dlightbox%26settings%3DeyJpZCI6MzYwLCJ1cmwiOiJodHRwczpcL1wvcGxhbmFuZ2VsZWxsaS5sYXJpb2phLmdvYi5hclwvd3AtY29udGVudFwvdXBsb2Fkc1wvMjAyNFwvMTBcL1doYXRzQXBwLUltYWdlLTIwMjQtMTAtMjUtYXQtMTIuMzcuMzQtNC5qcGVnIiwic2xpZGVzaG93IjoiNzIzNGQ2YSJ9\" href=\"https:\/\/planangelelli.larioja.gob.ar\/wp-content\/uploads\/2024\/10\/WhatsApp-Image-2024-10-25-at-12.37.34-4.jpeg\"><figure class=\"swiper-slide-inner\"><img decoding=\"async\" class=\"swiper-slide-image\" src=\"https:\/\/planangelelli.larioja.gob.ar\/wp-content\/uploads\/2024\/10\/WhatsApp-Image-2024-10-25-at-12.37.34-4.jpeg\" alt=\"WhatsApp Image 2024-10-25 at 12.37.34 (4)\" \/><\/figure><\/a><\/div><div class=\"swiper-slide\" role=\"group\" aria-roledescription=\"slide\" aria-label=\"5 of 12\"><a data-elementor-open-lightbox=\"yes\" data-elementor-lightbox-slideshow=\"7234d6a\" data-elementor-lightbox-title=\"WhatsApp Image 2024-10-25 at 12.37.34\" data-e-action-hash=\"#elementor-action%3Aaction%3Dlightbox%26settings%3DeyJpZCI6MzY5LCJ1cmwiOiJodHRwczpcL1wvcGxhbmFuZ2VsZWxsaS5sYXJpb2phLmdvYi5hclwvd3AtY29udGVudFwvdXBsb2Fkc1wvMjAyNFwvMTBcL1doYXRzQXBwLUltYWdlLTIwMjQtMTAtMjUtYXQtMTIuMzcuMzQuanBlZyIsInNsaWRlc2hvdyI6IjcyMzRkNmEifQ%3D%3D\" href=\"https:\/\/planangelelli.larioja.gob.ar\/wp-content\/uploads\/2024\/10\/WhatsApp-Image-2024-10-25-at-12.37.34.jpeg\"><figure class=\"swiper-slide-inner\"><img decoding=\"async\" class=\"swiper-slide-image\" src=\"https:\/\/planangelelli.larioja.gob.ar\/wp-content\/uploads\/2024\/10\/WhatsApp-Image-2024-10-25-at-12.37.34.jpeg\" alt=\"WhatsApp Image 2024-10-25 at 12.37.34\" \/><\/figure><\/a><\/div><div class=\"swiper-slide\" role=\"group\" aria-roledescription=\"slide\" aria-label=\"6 of 12\"><a data-elementor-open-lightbox=\"yes\" data-elementor-lightbox-slideshow=\"7234d6a\" data-elementor-lightbox-title=\"WhatsApp Image 2024-10-25 at 12.37.34 (12)\" data-e-action-hash=\"#elementor-action%3Aaction%3Dlightbox%26settings%3DeyJpZCI6MzY4LCJ1cmwiOiJodHRwczpcL1wvcGxhbmFuZ2VsZWxsaS5sYXJpb2phLmdvYi5hclwvd3AtY29udGVudFwvdXBsb2Fkc1wvMjAyNFwvMTBcL1doYXRzQXBwLUltYWdlLTIwMjQtMTAtMjUtYXQtMTIuMzcuMzQtMTIuanBlZyIsInNsaWRlc2hvdyI6IjcyMzRkNmEifQ%3D%3D\" href=\"https:\/\/planangelelli.larioja.gob.ar\/wp-content\/uploads\/2024\/10\/WhatsApp-Image-2024-10-25-at-12.37.34-12.jpeg\"><figure class=\"swiper-slide-inner\"><img decoding=\"async\" class=\"swiper-slide-image\" src=\"https:\/\/planangelelli.larioja.gob.ar\/wp-content\/uploads\/2024\/10\/WhatsApp-Image-2024-10-25-at-12.37.34-12.jpeg\" alt=\"WhatsApp Image 2024-10-25 at 12.37.34 (12)\" \/><\/figure><\/a><\/div><div class=\"swiper-slide\" role=\"group\" aria-roledescription=\"slide\" aria-label=\"7 of 12\"><a data-elementor-open-lightbox=\"yes\" data-elementor-lightbox-slideshow=\"7234d6a\" data-elementor-lightbox-title=\"WhatsApp Image 2024-10-25 at 12.37.34 (11)\" data-e-action-hash=\"#elementor-action%3Aaction%3Dlightbox%26settings%3DeyJpZCI6MzY3LCJ1cmwiOiJodHRwczpcL1wvcGxhbmFuZ2VsZWxsaS5sYXJpb2phLmdvYi5hclwvd3AtY29udGVudFwvdXBsb2Fkc1wvMjAyNFwvMTBcL1doYXRzQXBwLUltYWdlLTIwMjQtMTAtMjUtYXQtMTIuMzcuMzQtMTEuanBlZyIsInNsaWRlc2hvdyI6IjcyMzRkNmEifQ%3D%3D\" href=\"https:\/\/planangelelli.larioja.gob.ar\/wp-content\/uploads\/2024\/10\/WhatsApp-Image-2024-10-25-at-12.37.34-11.jpeg\"><figure class=\"swiper-slide-inner\"><img decoding=\"async\" class=\"swiper-slide-image\" src=\"https:\/\/planangelelli.larioja.gob.ar\/wp-content\/uploads\/2024\/10\/WhatsApp-Image-2024-10-25-at-12.37.34-11.jpeg\" alt=\"WhatsApp Image 2024-10-25 at 12.37.34 (11)\" \/><\/figure><\/a><\/div><div class=\"swiper-slide\" role=\"group\" aria-roledescription=\"slide\" aria-label=\"8 of 12\"><a data-elementor-open-lightbox=\"yes\" data-elementor-lightbox-slideshow=\"7234d6a\" data-elementor-lightbox-title=\"WhatsApp Image 2024-10-25 at 12.37.34 (10)\" data-e-action-hash=\"#elementor-action%3Aaction%3Dlightbox%26settings%3DeyJpZCI6MzY2LCJ1cmwiOiJodHRwczpcL1wvcGxhbmFuZ2VsZWxsaS5sYXJpb2phLmdvYi5hclwvd3AtY29udGVudFwvdXBsb2Fkc1wvMjAyNFwvMTBcL1doYXRzQXBwLUltYWdlLTIwMjQtMTAtMjUtYXQtMTIuMzcuMzQtMTAuanBlZyIsInNsaWRlc2hvdyI6IjcyMzRkNmEifQ%3D%3D\" href=\"https:\/\/planangelelli.larioja.gob.ar\/wp-content\/uploads\/2024\/10\/WhatsApp-Image-2024-10-25-at-12.37.34-10.jpeg\"><figure class=\"swiper-slide-inner\"><img decoding=\"async\" class=\"swiper-slide-image\" src=\"https:\/\/planangelelli.larioja.gob.ar\/wp-content\/uploads\/2024\/10\/WhatsApp-Image-2024-10-25-at-12.37.34-10.jpeg\" alt=\"WhatsApp Image 2024-10-25 at 12.37.34 (10)\" \/><\/figure><\/a><\/div><div class=\"swiper-slide\" role=\"group\" aria-roledescription=\"slide\" aria-label=\"9 of 12\"><a data-elementor-open-lightbox=\"yes\" data-elementor-lightbox-slideshow=\"7234d6a\" data-elementor-lightbox-title=\"WhatsApp Image 2024-10-25 at 12.37.34 (9)\" data-e-action-hash=\"#elementor-action%3Aaction%3Dlightbox%26settings%3DeyJpZCI6MzY1LCJ1cmwiOiJodHRwczpcL1wvcGxhbmFuZ2VsZWxsaS5sYXJpb2phLmdvYi5hclwvd3AtY29udGVudFwvdXBsb2Fkc1wvMjAyNFwvMTBcL1doYXRzQXBwLUltYWdlLTIwMjQtMTAtMjUtYXQtMTIuMzcuMzQtOS5qcGVnIiwic2xpZGVzaG93IjoiNzIzNGQ2YSJ9\" href=\"https:\/\/planangelelli.larioja.gob.ar\/wp-content\/uploads\/2024\/10\/WhatsApp-Image-2024-10-25-at-12.37.34-9.jpeg\"><figure class=\"swiper-slide-inner\"><img decoding=\"async\" class=\"swiper-slide-image\" src=\"https:\/\/planangelelli.larioja.gob.ar\/wp-content\/uploads\/2024\/10\/WhatsApp-Image-2024-10-25-at-12.37.34-9.jpeg\" alt=\"WhatsApp Image 2024-10-25 at 12.37.34 (9)\" \/><\/figure><\/a><\/div><div class=\"swiper-slide\" role=\"group\" aria-roledescription=\"slide\" aria-label=\"10 of 12\"><a data-elementor-open-lightbox=\"yes\" data-elementor-lightbox-slideshow=\"7234d6a\" data-elementor-lightbox-title=\"WhatsApp Image 2024-10-25 at 12.37.34 (8)\" data-e-action-hash=\"#elementor-action%3Aaction%3Dlightbox%26settings%3DeyJpZCI6MzY0LCJ1cmwiOiJodHRwczpcL1wvcGxhbmFuZ2VsZWxsaS5sYXJpb2phLmdvYi5hclwvd3AtY29udGVudFwvdXBsb2Fkc1wvMjAyNFwvMTBcL1doYXRzQXBwLUltYWdlLTIwMjQtMTAtMjUtYXQtMTIuMzcuMzQtOC5qcGVnIiwic2xpZGVzaG93IjoiNzIzNGQ2YSJ9\" href=\"https:\/\/planangelelli.larioja.gob.ar\/wp-content\/uploads\/2024\/10\/WhatsApp-Image-2024-10-25-at-12.37.34-8.jpeg\"><figure class=\"swiper-slide-inner\"><img decoding=\"async\" class=\"swiper-slide-image\" src=\"https:\/\/planangelelli.larioja.gob.ar\/wp-content\/uploads\/2024\/10\/WhatsApp-Image-2024-10-25-at-12.37.34-8.jpeg\" alt=\"WhatsApp Image 2024-10-25 at 12.37.34 (8)\" \/><\/figure><\/a><\/div><div class=\"swiper-slide\" role=\"group\" aria-roledescription=\"slide\" aria-label=\"11 of 12\"><a data-elementor-open-lightbox=\"yes\" data-elementor-lightbox-slideshow=\"7234d6a\" data-elementor-lightbox-title=\"WhatsApp Image 2024-10-25 at 12.37.34 (6)\" data-e-action-hash=\"#elementor-action%3Aaction%3Dlightbox%26settings%3DeyJpZCI6MzYyLCJ1cmwiOiJodHRwczpcL1wvcGxhbmFuZ2VsZWxsaS5sYXJpb2phLmdvYi5hclwvd3AtY29udGVudFwvdXBsb2Fkc1wvMjAyNFwvMTBcL1doYXRzQXBwLUltYWdlLTIwMjQtMTAtMjUtYXQtMTIuMzcuMzQtNi5qcGVnIiwic2xpZGVzaG93IjoiNzIzNGQ2YSJ9\" href=\"https:\/\/planangelelli.larioja.gob.ar\/wp-content\/uploads\/2024\/10\/WhatsApp-Image-2024-10-25-at-12.37.34-6.jpeg\"><figure class=\"swiper-slide-inner\"><img decoding=\"async\" class=\"swiper-slide-image\" src=\"https:\/\/planangelelli.larioja.gob.ar\/wp-content\/uploads\/2024\/10\/WhatsApp-Image-2024-10-25-at-12.37.34-6.jpeg\" alt=\"WhatsApp Image 2024-10-25 at 12.37.34 (6)\" \/><\/figure><\/a><\/div><div class=\"swiper-slide\" role=\"group\" aria-roledescription=\"slide\" aria-label=\"12 of 12\"><a data-elementor-open-lightbox=\"yes\" data-elementor-lightbox-slideshow=\"7234d6a\" data-elementor-lightbox-title=\"WhatsApp Image 2024-10-25 at 12.37.34 (5)\" data-e-action-hash=\"#elementor-action%3Aaction%3Dlightbox%26settings%3DeyJpZCI6MzYxLCJ1cmwiOiJodHRwczpcL1wvcGxhbmFuZ2VsZWxsaS5sYXJpb2phLmdvYi5hclwvd3AtY29udGVudFwvdXBsb2Fkc1wvMjAyNFwvMTBcL1doYXRzQXBwLUltYWdlLTIwMjQtMTAtMjUtYXQtMTIuMzcuMzQtNS5qcGVnIiwic2xpZGVzaG93IjoiNzIzNGQ2YSJ9\" href=\"https:\/\/planangelelli.larioja.gob.ar\/wp-content\/uploads\/2024\/10\/WhatsApp-Image-2024-10-25-at-12.37.34-5.jpeg\"><figure class=\"swiper-slide-inner\"><img decoding=\"async\" class=\"swiper-slide-image\" src=\"https:\/\/planangelelli.larioja.gob.ar\/wp-content\/uploads\/2024\/10\/WhatsApp-Image-2024-10-25-at-12.37.34-5.jpeg\" alt=\"WhatsApp Image 2024-10-25 at 12.37.34 (5)\" \/><\/figure><\/a><\/div>\t\t\t<\/div>\n\t\t\t\t\t\t\t\t\t\t\t\t<div class=\"elementor-swiper-button elementor-swiper-button-prev\" role=\"button\" tabindex=\"0\">\n\t\t\t\t\t\t<svg aria-hidden=\"true\" class=\"e-font-icon-svg e-eicon-chevron-left\" viewBox=\"0 0 1000 1000\" xmlns=\"http:\/\/www.w3.org\/2000\/svg\"><path d=\"M646 125C629 125 613 133 604 142L308 442C296 454 292 471 292 487 292 504 296 521 308 533L604 854C617 867 629 875 646 875 663 875 679 871 692 858 704 846 713 829 713 812 713 796 708 779 692 767L438 487 692 225C700 217 708 204 708 187 708 171 704 154 692 142 675 129 663 125 646 125Z\"><\/path><\/svg>\t\t\t\t\t<\/div>\n\t\t\t\t\t<div class=\"elementor-swiper-button elementor-swiper-button-next\" role=\"button\" tabindex=\"0\">\n\t\t\t\t\t\t<svg aria-hidden=\"true\" class=\"e-font-icon-svg e-eicon-chevron-right\" viewBox=\"0 0 1000 1000\" xmlns=\"http:\/\/www.w3.org\/2000\/svg\"><path d=\"M696 533C708 521 713 504 713 487 713 471 708 454 696 446L400 146C388 133 375 125 354 125 338 125 325 129 313 142 300 154 292 171 292 187 292 204 296 221 308 233L563 492 304 771C292 783 288 800 288 817 288 833 296 850 308 863 321 871 338 875 354 875 371 875 388 867 400 854L696 533Z\"><\/path><\/svg>\t\t\t\t\t<\/div>\n\t\t\t\t\n\t\t\t\t\t\t\t\t\t<div class=\"swiper-pagination\"><\/div>\n\t\t\t\t\t\t\t\t\t<\/div>\n\t\t\t\t\t\t<\/div>\n\t\t\t\t\t<\/div>\n\t\t\t\t<\/div>\n\t\t\t\t<\/div>\n\t\t","protected":false},"excerpt":{"rendered":"<p>Mediante la dimensi\u00f3n Angelelli en Casa buscamos acompa\u00f1ar a las familias riojanas en situaci\u00f3n de vulnerabilidad, mediante la provisi\u00f3n de [&hellip;]<\/p>\n","protected":false},"author":1,"featured_media":0,"parent":0,"menu_order":0,"comment_status":"closed","ping_status":"closed","template":"","meta":{"site-sidebar-layout":"no-sidebar","site-content-layout":"","ast-site-content-layout":"full-width-container","site-content-style":"default","site-sidebar-style":"default","ast-global-header-display":"","ast-banner-title-visibility":"","ast-main-header-display":"","ast-hfb-above-header-display":"","ast-hfb-below-header-display":"","ast-hfb-mobile-header-display":"","site-post-title":"disabled","ast-breadcrumbs-content":"","ast-featured-img":"disabled","footer-sml-layout":"","theme-transparent-header-meta":"","adv-header-id-meta":"","stick-header-meta":"","header-above-stick-meta":"","header-main-stick-meta":"","header-below-stick-meta":"","astra-migrate-meta-layouts":"default","ast-page-background-enabled":"default","ast-page-background-meta":{"desktop":{"background-color":"var(--ast-global-color-5)","background-image":"","background-repeat":"repeat","background-position":"center center","background-size":"auto","background-attachment":"scroll","background-type":"","background-media":"","overlay-type":"","overlay-color":"","overlay-opacity":"","overlay-gradient":""},"tablet":{"background-color":"","background-image":"","background-repeat":"repeat","background-position":"center center","background-size":"auto","background-attachment":"scroll","background-type":"","background-media":"","overlay-type":"","overlay-color":"","overlay-opacity":"","overlay-gradient":""},"mobile":{"background-color":"","background-image":"","background-repeat":"repeat","background-position":"center center","background-size":"auto","background-attachment":"scroll","background-type":"","background-media":"","overlay-type":"","overlay-color":"","overlay-opacity":"","overlay-gradient":""}},"ast-content-background-meta":{"desktop":{"background-color":"var(--ast-global-color-4)","background-image":"","background-repeat":"repeat","background-position":"center center","background-size":"auto","background-attachment":"scroll","background-type":"","background-media":"","overlay-type":"","overlay-color":"","overlay-opacity":"","overlay-gradient":""},"tablet":{"background-color":"var(--ast-global-color-4)","background-image":"","background-repeat":"repeat","background-position":"center center","background-size":"auto","background-attachment":"scroll","background-type":"","background-media":"","overlay-type":"","overlay-color":"","overlay-opacity":"","overlay-gradient":""},"mobile":{"background-color":"var(--ast-global-color-4)","background-image":"","background-repeat":"repeat","background-position":"center center","background-size":"auto","background-attachment":"scroll","background-type":"","background-media":"","overlay-type":"","overlay-color":"","overlay-opacity":"","overlay-gradient":""}},"footnotes":""},"class_list":["post-709","page","type-page","status-publish","hentry"],"_links":{"self":[{"href":"https:\/\/planangelelli.larioja.gob.ar\/index.php?rest_route=\/wp\/v2\/pages\/709","targetHints":{"allow":["GET"]}}],"collection":[{"href":"https:\/\/planangelelli.larioja.gob.ar\/index.php?rest_route=\/wp\/v2\/pages"}],"about":[{"href":"https:\/\/planangelelli.larioja.gob.ar\/index.php?rest_route=\/wp\/v2\/types\/page"}],"author":[{"embeddable":true,"href":"https:\/\/planangelelli.larioja.gob.ar\/index.php?rest_route=\/wp\/v2\/users\/1"}],"replies":[{"embeddable":true,"href":"https:\/\/planangelelli.larioja.gob.ar\/index.php?rest_route=%2Fwp%2Fv2%2Fcomments&post=709"}],"version-history":[{"count":0,"href":"https:\/\/planangelelli.larioja.gob.ar\/index.php?rest_route=\/wp\/v2\/pages\/709\/revisions"}],"wp:attachment":[{"href":"https:\/\/planangelelli.larioja.gob.ar\/index.php?rest_route=%2Fwp%2Fv2%2Fmedia&parent=709"}],"curies":[{"name":"wp","href":"https:\/\/api.w.org\/{rel}","templated":true}]}}